{"id":13,"date":"2017-01-09T23:18:29","date_gmt":"2017-01-09T23:18:29","guid":{"rendered":"http:\/\/localhost\/construction\/?page_id=13"},"modified":"2024-12-03T12:54:52","modified_gmt":"2024-12-03T09:54:52","slug":"contact-us","status":"publish","type":"page","link":"https:\/\/baritmaden.com\/en\/contact-us\/","title":{"rendered":"Contact Us"},"content":{"rendered":"<p>[vc_row][vc_column][vc_row_inner][vc_column_inner width=&#8221;1\/3&#8243;][vc_column_text]<\/p>\n<h4>BARIT MADEN TURK A.S.<br \/>\nHEADQUARTERS<\/h4>\n<p><strong>Address:<\/strong> Levent Mahallesi<br \/>\n\u00dcstzeren Sokak No: 2<br \/>\nBe\u015fikta\u015f 34330 \u0130stanbul, T\u00fcrkiye<br \/>\n<strong>Tel:<\/strong> +90 212 234 12 06 (6 Lines)<br \/>\n<strong>Fax:<\/strong> +90 212 234 12 14<br \/>\n<strong>E-mail:<\/strong> <a href=\"mailto:info@baritmaden.com\">info@baritmaden.com<\/a>[\/vc_column_text][vc_column_text]<\/p>\n<h4>BARIT MADEN TURK A.S.<br \/>\nANKARA OFFICE<\/h4>\n<p><strong>Address:<\/strong> Mebusevleri Ayten Sokak<br \/>\nKonak Apartman\u0131 No: 31\/8<br \/>\n\u00c7ankaya, Ankara, T\u00fcrkiye<br \/>\n<strong>Tel:<\/strong> +90 312 222 20 25[\/vc_column_text][\/vc_column_inner][vc_column_inner width=&#8221;2\/3&#8243;]<div role=\"form\" class=\"wpcf7\" id=\"wpcf7-f138-o1\" lang=\"en-US\" dir=\"ltr\">\n<div class=\"screen-reader-response\"><p role=\"status\" aria-live=\"polite\" aria-atomic=\"true\"><\/p> <ul><\/ul><\/div>\n<form action=\"\/en\/wp-json\/wp\/v2\/pages\/13#wpcf7-f138-o1\" method=\"post\" class=\"wpcf7-form init\" novalidate=\"novalidate\" data-status=\"init\">\n<div style=\"display: none;\">\n<input type=\"hidden\" name=\"_wpcf7\" value=\"138\" \/>\n<input type=\"hidden\" name=\"_wpcf7_version\" value=\"5.4.2\" \/>\n<input type=\"hidden\" name=\"_wpcf7_locale\" value=\"en_US\" \/>\n<input type=\"hidden\" name=\"_wpcf7_unit_tag\" value=\"wpcf7-f138-o1\" \/>\n<input type=\"hidden\" name=\"_wpcf7_container_post\" value=\"0\" \/>\n<input type=\"hidden\" name=\"_wpcf7_posted_data_hash\" value=\"\" \/>\n<\/div>\n<div class=\"col-sm-6 col-xs-12\">\n    <label>COMPANY<\/label><br \/>\n    <span class=\"wpcf7-form-control-wrap text-657\"><input type=\"text\" name=\"text-657\" value=\"\" size=\"40\" class=\"wpcf7-form-control wpcf7-text wpcf7-validates-as-required\" aria-required=\"true\" aria-invalid=\"false\" placeholder=\"Company\" \/><\/span>\n<\/div>\n<div class=\"col-sm-6 col-xs-12\">\n    <label>Telephone<\/label><br \/>\n    <span class=\"wpcf7-form-control-wrap tel-158\"><input type=\"tel\" name=\"tel-158\" value=\"\" size=\"40\" class=\"wpcf7-form-control wpcf7-text wpcf7-tel wpcf7-validates-as-required wpcf7-validates-as-tel\" aria-required=\"true\" aria-invalid=\"false\" placeholder=\"Telephone\" \/><\/span>\n<\/div>\n<div class=\"col-sm-6 col-xs-12\">\n    <label>E-mail Address<\/label><br \/>\n<span class=\"wpcf7-form-control-wrap email-505\"><input type=\"email\" name=\"email-505\" value=\"\" size=\"40\" class=\"wpcf7-form-control wpcf7-text wpcf7-email wpcf7-validates-as-required wpcf7-validates-as-email\" aria-required=\"true\" aria-invalid=\"false\" placeholder=\"E-mail Address\" \/><\/span>\n<\/div>\n<div class=\"col-sm-6 col-xs-12\">\n    <label>How can We Help You?<\/label><br \/>\n    <span class=\"wpcf7-form-control-wrap menu-971\"><select name=\"menu-971\" class=\"wpcf7-form-control wpcf7-select wpcf7-validates-as-required\" aria-required=\"true\" aria-invalid=\"false\"><option value=\"Get General Information\">Get General Information<\/option><option value=\"Contact With Our Facilities\">Contact With Our Facilities<\/option><option value=\"Get a Price Offer\">Get a Price Offer<\/option><\/select><\/span>\n<\/div>\n<div class=\"col-xs-12\">\n<label>DETAILED REQUEST<\/label><br \/>\n<span class=\"wpcf7-form-control-wrap textarea-305\"><textarea name=\"textarea-305\" cols=\"40\" rows=\"10\" class=\"wpcf7-form-control wpcf7-textarea\" aria-invalid=\"false\" placeholder=\"Detailed Request\"><\/textarea><\/span>\n<\/div>\n<div class=\"col-sm-6 col-xs-12\">\n<div class=\"cf7-submit-btn-push\"><input type=\"submit\" value=\"Send\" class=\"wpcf7-form-control wpcf7-submit\" \/><\/div>\n<\/div>\n<input type='hidden' class='wpcf7-pum' value='{\"closepopup\":false,\"closedelay\":0,\"openpopup\":false,\"openpopup_id\":0}' \/><div class=\"wpcf7-response-output\" aria-hidden=\"true\"><\/div><\/form><\/div>[\/vc_column_inner][\/vc_row_inner][\/vc_column][\/vc_row][vc_row css=&#8221;.vc_custom_1484201148992{margin-top: 80px !important;}&#8221;][vc_column][construction_custom_heading heading_weight=&#8221;100&#8243; heading_transform=&#8221;uppercase&#8221; heading_alignnment=&#8221;left&#8221; heading_tag=&#8221;h2&#8243; heading_color_type=&#8221;normal&#8221; heading_icon_switch=&#8221;no&#8221; heading_size=&#8221;25&#8243; heading_color=&#8221;#111111&#8243; custom_class=&#8221;fancy_heading_top&#8221;][construction_custom_heading heading_weight=&#8221;theme_default&#8221; heading_transform=&#8221;uppercase&#8221; heading_alignnment=&#8221;left&#8221; heading_tag=&#8221;h2&#8243; heading_color_type=&#8221;normal&#8221; heading_icon_switch=&#8221;no&#8221; heading_title=&#8221;Facilities&#8221; heading_size=&#8221;50&#8243; heading_color=&#8221;#111111&#8243; custom_class=&#8221;fancy_heading_bottom&#8221;]\n                <script type=\"text\/javascript\">\n                    \n                    \/**\n                     * Initialize the Map \n                     *\/\n                    function initialize_vc_gmap() {\n                    \n                        var custom_map_styles = {\n                        \n                            \/\/ Apple Maps\n                            apple_maps: [{\"featureType\":\"landscape.man_made\",\"elementType\":\"geometry\",\"stylers\":[{\"color\":\"#f7f1df\"}]},{\"featureType\":\"landscape.natural\",\"elementType\":\"geometry\",\"stylers\":[{\"color\":\"#d0e3b4\"}]},{\"featureType\":\"landscape.natural.terrain\",\"elementType\":\"geometry\",\"stylers\":[{\"visibility\":\"off\"}]},{\"featureType\":\"poi\",\"elementType\":\"labels\",\"stylers\":[{\"visibility\":\"off\"}]},{\"featureType\":\"poi.business\",\"elementType\":\"all\",\"stylers\":[{\"visibility\":\"off\"}]},{\"featureType\":\"poi.medical\",\"elementType\":\"geometry\",\"stylers\":[{\"color\":\"#fbd3da\"}]},{\"featureType\":\"poi.park\",\"elementType\":\"geometry\",\"stylers\":[{\"color\":\"#bde6ab\"}]},{\"featureType\":\"road\",\"elementType\":\"geometry.stroke\",\"stylers\":[{\"visibility\":\"off\"}]},{\"featureType\":\"road\",\"elementType\":\"labels\",\"stylers\":[{\"visibility\":\"off\"}]},{\"featureType\":\"road.highway\",\"elementType\":\"geometry.fill\",\"stylers\":[{\"color\":\"#ffe15f\"}]},{\"featureType\":\"road.highway\",\"elementType\":\"geometry.stroke\",\"stylers\":[{\"color\":\"#efd151\"}]},{\"featureType\":\"road.arterial\",\"elementType\":\"geometry.fill\",\"stylers\":[{\"color\":\"#ffffff\"}]},{\"featureType\":\"road.local\",\"elementType\":\"geometry.fill\",\"stylers\":[{\"color\":\"black\"}]},{\"featureType\":\"transit.station.airport\",\"elementType\":\"geometry.fill\",\"stylers\":[{\"color\":\"#cfb2db\"}]},{\"featureType\":\"water\",\"elementType\":\"geometry\",\"stylers\":[{\"color\":\"#a2daf2\"}]}],\n                            \n                            \/\/ Light Grey\n                            light_gray: [{\"featureType\":\"water\",\"elementType\":\"geometry\",\"stylers\":[{\"color\":\"#e9e9e9\"},{\"lightness\":17}]},{\"featureType\":\"landscape\",\"elementType\":\"geometry\",\"stylers\":[{\"color\":\"#f5f5f5\"},{\"lightness\":20}]},{\"featureType\":\"road.highway\",\"elementType\":\"geometry.fill\",\"stylers\":[{\"color\":\"#ffffff\"},{\"lightness\":17}]},{\"featureType\":\"road.highway\",\"elementType\":\"geometry.stroke\",\"stylers\":[{\"color\":\"#ffffff\"},{\"lightness\":29},{\"weight\":0.2}]},{\"featureType\":\"road.arterial\",\"elementType\":\"geometry\",\"stylers\":[{\"color\":\"#ffffff\"},{\"lightness\":18}]},{\"featureType\":\"road.local\",\"elementType\":\"geometry\",\"stylers\":[{\"color\":\"#ffffff\"},{\"lightness\":16}]},{\"featureType\":\"poi\",\"elementType\":\"geometry\",\"stylers\":[{\"color\":\"#f5f5f5\"},{\"lightness\":21}]},{\"featureType\":\"poi.park\",\"elementType\":\"geometry\",\"stylers\":[{\"color\":\"#dedede\"},{\"lightness\":21}]},{\"elementType\":\"labels.text.stroke\",\"stylers\":[{\"visibility\":\"on\"},{\"color\":\"#ffffff\"},{\"lightness\":16}]},{\"elementType\":\"labels.text.fill\",\"stylers\":[{\"saturation\":36},{\"color\":\"#333333\"},{\"lightness\":40}]},{\"elementType\":\"labels.icon\",\"stylers\":[{\"visibility\":\"off\"}]},{\"featureType\":\"transit\",\"elementType\":\"geometry\",\"stylers\":[{\"color\":\"#f2f2f2\"},{\"lightness\":19}]},{\"featureType\":\"administrative\",\"elementType\":\"geometry.fill\",\"stylers\":[{\"color\":\"#fefefe\"},{\"lightness\":20}]},{\"featureType\":\"administrative\",\"elementType\":\"geometry.stroke\",\"stylers\":[{\"color\":\"#fefefe\"},{\"lightness\":17},{\"weight\":1.2}]}],\n                            \n                            \/\/ Dark Style\n                            dark: [{\"featureType\":\"all\",\"elementType\":\"labels.text.fill\",\"stylers\":[{\"saturation\":36},{\"color\":\"#000000\"},{\"lightness\":40}]},{\"featureType\":\"all\",\"elementType\":\"labels.text.stroke\",\"stylers\":[{\"visibility\":\"on\"},{\"color\":\"#000000\"},{\"lightness\":16}]},{\"featureType\":\"all\",\"elementType\":\"labels.icon\",\"stylers\":[{\"visibility\":\"off\"}]},{\"featureType\":\"administrative\",\"elementType\":\"geometry.fill\",\"stylers\":[{\"color\":\"#000000\"},{\"lightness\":20}]},{\"featureType\":\"administrative\",\"elementType\":\"geometry.stroke\",\"stylers\":[{\"color\":\"#000000\"},{\"lightness\":17},{\"weight\":1.2}]},{\"featureType\":\"landscape\",\"elementType\":\"all\",\"stylers\":[{\"visibility\":\"on\"}]},{\"featureType\":\"landscape\",\"elementType\":\"geometry\",\"stylers\":[{\"color\":\"#000000\"},{\"lightness\":20}]},{\"featureType\":\"landscape\",\"elementType\":\"labels.icon\",\"stylers\":[{\"saturation\":\"-100\"},{\"lightness\":\"-54\"}]},{\"featureType\":\"poi\",\"elementType\":\"all\",\"stylers\":[{\"visibility\":\"on\"},{\"lightness\":\"0\"}]},{\"featureType\":\"poi\",\"elementType\":\"geometry\",\"stylers\":[{\"color\":\"#000000\"},{\"lightness\":21}]},{\"featureType\":\"poi\",\"elementType\":\"labels.icon\",\"stylers\":[{\"saturation\":\"-89\"},{\"lightness\":\"-55\"}]},{\"featureType\":\"road\",\"elementType\":\"labels.icon\",\"stylers\":[{\"visibility\":\"off\"}]},{\"featureType\":\"road.highway\",\"elementType\":\"geometry.fill\",\"stylers\":[{\"color\":\"#000000\"},{\"lightness\":17}]},{\"featureType\":\"road.highway\",\"elementType\":\"geometry.stroke\",\"stylers\":[{\"color\":\"#000000\"},{\"lightness\":29},{\"weight\":0.2}]},{\"featureType\":\"road.arterial\",\"elementType\":\"geometry\",\"stylers\":[{\"color\":\"#000000\"},{\"lightness\":18}]},{\"featureType\":\"road.local\",\"elementType\":\"geometry\",\"stylers\":[{\"color\":\"#000000\"},{\"lightness\":16}]},{\"featureType\":\"transit\",\"elementType\":\"geometry\",\"stylers\":[{\"color\":\"#000000\"},{\"lightness\":19}]},{\"featureType\":\"transit.station\",\"elementType\":\"labels.icon\",\"stylers\":[{\"visibility\":\"on\"},{\"saturation\":\"-100\"},{\"lightness\":\"-51\"}]},{\"featureType\":\"water\",\"elementType\":\"geometry\",\"stylers\":[{\"color\":\"#000000\"},{\"lightness\":17}]}],\n                            \n                            \/\/ Neutral Blue\n                            neutral_blue: [{\"featureType\":\"water\",\"elementType\":\"geometry\",\"stylers\":[{\"color\":\"#193341\"}]},{\"featureType\":\"landscape\",\"elementType\":\"geometry\",\"stylers\":[{\"color\":\"#2c5a71\"}]},{\"featureType\":\"road\",\"elementType\":\"geometry\",\"stylers\":[{\"color\":\"#29768a\"},{\"lightness\":-37}]},{\"featureType\":\"poi\",\"elementType\":\"geometry\",\"stylers\":[{\"color\":\"#406d80\"}]},{\"featureType\":\"transit\",\"elementType\":\"geometry\",\"stylers\":[{\"color\":\"#406d80\"}]},{\"elementType\":\"labels.text.stroke\",\"stylers\":[{\"visibility\":\"on\"},{\"color\":\"#3e606f\"},{\"weight\":2},{\"gamma\":0.84}]},{\"elementType\":\"labels.text.fill\",\"stylers\":[{\"color\":\"#ffffff\"}]},{\"featureType\":\"administrative\",\"elementType\":\"geometry\",\"stylers\":[{\"weight\":0.6},{\"color\":\"#1a3541\"}]},{\"elementType\":\"labels.icon\",\"stylers\":[{\"visibility\":\"off\"}]},{\"featureType\":\"poi.park\",\"elementType\":\"geometry\",\"stylers\":[{\"color\":\"#2c5a71\"}]}],\n                            \n                            \/\/ Orange Ocean\n                            orange_ocean: [{\"featureType\":\"administrative\",\"elementType\":\"labels.text.fill\",\"stylers\":[{\"color\":\"#444444\"}]},{\"featureType\":\"landscape\",\"elementType\":\"all\",\"stylers\":[{\"color\":\"#f2f2f2\"}]},{\"featureType\":\"poi\",\"elementType\":\"all\",\"stylers\":[{\"visibility\":\"off\"}]},{\"featureType\":\"road\",\"elementType\":\"all\",\"stylers\":[{\"saturation\":-100},{\"lightness\":45}]},{\"featureType\":\"road.highway\",\"elementType\":\"all\",\"stylers\":[{\"visibility\":\"simplified\"}]},{\"featureType\":\"road.highway\",\"elementType\":\"geometry.fill\",\"stylers\":[{\"color\":\"#edc200\"}]},{\"featureType\":\"road.highway\",\"elementType\":\"labels.text.fill\",\"stylers\":[{\"color\":\"#000000\"}]},{\"featureType\":\"road.highway\",\"elementType\":\"labels.text.stroke\",\"stylers\":[{\"color\":\"#ffffff\"},{\"visibility\":\"simplified\"}]},{\"featureType\":\"road.arterial\",\"elementType\":\"labels.icon\",\"stylers\":[{\"visibility\":\"off\"}]},{\"featureType\":\"transit\",\"elementType\":\"all\",\"stylers\":[{\"visibility\":\"off\"}]},{\"featureType\":\"water\",\"elementType\":\"all\",\"stylers\":[{\"color\":\"#f5a301\"},{\"visibility\":\"on\"}]},{\"featureType\":\"water\",\"elementType\":\"labels.text.fill\",\"stylers\":[{\"color\":\"#000000\"}]},{\"featureType\":\"water\",\"elementType\":\"labels.text.stroke\",\"stylers\":[{\"visibility\":\"off\"}]}],\n                            \n                            \/\/ Magenta\n                            magenta: [{\"featureType\":\"all\",\"elementType\":\"geometry.stroke\",\"stylers\":[{\"visibility\":\"simplified\"}]},{\"featureType\":\"administrative\",\"elementType\":\"all\",\"stylers\":[{\"visibility\":\"off\"}]},{\"featureType\":\"administrative\",\"elementType\":\"labels\",\"stylers\":[{\"visibility\":\"simplified\"},{\"color\":\"#a31645\"}]},{\"featureType\":\"landscape\",\"elementType\":\"all\",\"stylers\":[{\"weight\":\"3.79\"},{\"visibility\":\"on\"},{\"color\":\"#ffecf0\"}]},{\"featureType\":\"landscape\",\"elementType\":\"geometry\",\"stylers\":[{\"visibility\":\"on\"}]},{\"featureType\":\"landscape\",\"elementType\":\"geometry.stroke\",\"stylers\":[{\"visibility\":\"on\"}]},{\"featureType\":\"poi\",\"elementType\":\"all\",\"stylers\":[{\"visibility\":\"simplified\"},{\"color\":\"#a31645\"}]},{\"featureType\":\"poi\",\"elementType\":\"geometry\",\"stylers\":[{\"saturation\":\"0\"},{\"lightness\":\"0\"},{\"visibility\":\"off\"}]},{\"featureType\":\"poi\",\"elementType\":\"geometry.stroke\",\"stylers\":[{\"visibility\":\"off\"}]},{\"featureType\":\"poi.business\",\"elementType\":\"all\",\"stylers\":[{\"visibility\":\"simplified\"},{\"color\":\"#d89ca8\"}]},{\"featureType\":\"poi.business\",\"elementType\":\"geometry\",\"stylers\":[{\"visibility\":\"on\"}]},{\"featureType\":\"poi.business\",\"elementType\":\"geometry.fill\",\"stylers\":[{\"visibility\":\"on\"},{\"saturation\":\"0\"}]},{\"featureType\":\"poi.business\",\"elementType\":\"labels\",\"stylers\":[{\"color\":\"#a31645\"}]},{\"featureType\":\"poi.business\",\"elementType\":\"labels.icon\",\"stylers\":[{\"visibility\":\"simplified\"},{\"lightness\":\"84\"}]},{\"featureType\":\"road\",\"elementType\":\"all\",\"stylers\":[{\"saturation\":-100},{\"lightness\":45}]},{\"featureType\":\"road.highway\",\"elementType\":\"all\",\"stylers\":[{\"visibility\":\"simplified\"}]},{\"featureType\":\"road.arterial\",\"elementType\":\"labels.icon\",\"stylers\":[{\"visibility\":\"off\"}]},{\"featureType\":\"transit\",\"elementType\":\"all\",\"stylers\":[{\"visibility\":\"off\"}]},{\"featureType\":\"water\",\"elementType\":\"all\",\"stylers\":[{\"color\":\"#d89ca8\"},{\"visibility\":\"on\"}]},{\"featureType\":\"water\",\"elementType\":\"geometry.fill\",\"stylers\":[{\"visibility\":\"on\"},{\"color\":\"#fedce3\"}]},{\"featureType\":\"water\",\"elementType\":\"labels\",\"stylers\":[{\"visibility\":\"off\"}]}],\n                            \n                            \/\/ Flat Map\n                            flat_map: [{\"featureType\":\"all\",\"elementType\":\"labels\",\"stylers\":[{\"visibility\":\"off\"}]},{\"featureType\":\"landscape\",\"elementType\":\"all\",\"stylers\":[{\"visibility\":\"on\"},{\"color\":\"#f3f4f4\"}]},{\"featureType\":\"landscape.man_made\",\"elementType\":\"geometry\",\"stylers\":[{\"weight\":0.9},{\"visibility\":\"off\"}]},{\"featureType\":\"poi.park\",\"elementType\":\"geometry.fill\",\"stylers\":[{\"visibility\":\"on\"},{\"color\":\"#83cead\"}]},{\"featureType\":\"road\",\"elementType\":\"all\",\"stylers\":[{\"visibility\":\"on\"},{\"color\":\"#ffffff\"}]},{\"featureType\":\"road\",\"elementType\":\"labels\",\"stylers\":[{\"visibility\":\"off\"}]},{\"featureType\":\"road.highway\",\"elementType\":\"all\",\"stylers\":[{\"visibility\":\"on\"},{\"color\":\"#fee379\"}]},{\"featureType\":\"road.arterial\",\"elementType\":\"all\",\"stylers\":[{\"visibility\":\"on\"},{\"color\":\"#fee379\"}]},{\"featureType\":\"water\",\"elementType\":\"all\",\"stylers\":[{\"visibility\":\"on\"},{\"color\":\"#7fc8ed\"}]}],\n                            \n                            \/\/ Winter Style\n                            winter: [{\"stylers\":[{\"hue\":\"#007fff\"},{\"saturation\":89}]},{\"featureType\":\"water\",\"stylers\":[{\"color\":\"#ffffff\"}]},{\"featureType\":\"administrative.country\",\"elementType\":\"labels\",\"stylers\":[{\"visibility\":\"off\"}]}],\n                            \n                        };\n                        \n                        \n                       \/**\n                        * Initialize Map Options \n                        *\/\n                        var mapOptions =\n                        {\n                            scrollwheel: false,\n                            draggable: true,\n                            fullscreenControl: false,\n                            streetViewControl: false,\n                            streetViewControlOptions: {\n                                position: google.maps.ControlPosition.RIGHT_BOTTOM\n                            },\n                            zoomControl: true,\n                            zoomControlOptions: {\n                                position: google.maps.ControlPosition.RIGHT_BOTTOM\n                            },\n                            mapTypeControl: true,\n                            mapTypeControlOptions: {\n                                mapTypeIds: [google.maps.MapTypeId.ROADMAP, \"map_style\"],\n                                position: google.maps.ControlPosition.TOP_LEFT\n                            }\n                        }\n\n                        var map = new google.maps.Map(document.getElementById(\"GoogleMap_69e20ab6a37fd\"), mapOptions);\n                        \n                        \n                        \n                        \n                var styledMap = new google.maps.StyledMapType([ { \"stylers\" : [ { \"visibility\" : \"on\" },\n        { \"saturation\" : -13 },\n        { \"lightness\" : -17 },\n        { \"hue\" : \"#ff6e00\" }\n      ] },\n  { \"featureType\" : \"water\",\n    \"stylers\" : [ { \"visibility\" : \"on\" },\n        { \"lightness\" : 100 }\n      ]\n  },\n  { \"featureType\" : \"poi\",\n    \"stylers\" : [ { \"lightness\" : 39 },\n        { \"saturation\" : -43 },\n        { \"visibility\" : \"on\" }\n      ]\n  },\n  { \"elementType\" : \"geometry\",\n    \"featureType\" : \"roads\",\n    \"stylers\" : [ { \"visibility\" : \"on\" },\n        { \"lightness\" : 30 }\n      ]\n  },\n  { \"elementType\" : \"labels\",\n    \"stylers\" : [ { \"lightness\" : 35 } ]\n  }\n], {name: \"Custom Map\"});\n                map.mapTypes.set(\"map_style\", styledMap);\n                map.setMapTypeId(\"map_style\");\n            \n                        \n                        var places=[[\"DROP\", 41.033780, 28.973503, 1, \"Barit Maden T\u00fcrk A.\u015e. Headquarters\", \"\", \"583\", \"https:\/\/baritmaden.com\/en\/wp-content\/uploads\/2017\/12\/favicon-40.png\", 40, 40],[\"DROP\", 40.114090, 29.044464, 1, \"Bursa Bozkar Carbondioxide Liquidization Facility\", \"\", \"583\", \"https:\/\/baritmaden.com\/en\/wp-content\/uploads\/2017\/12\/favicon-40.png\", 40, 40],[\"DROP\", 37.199061, 36.588469, 1, \"Osmaniye Concentrate and Micronized Facility\", \"\", \"583\", \"https:\/\/baritmaden.com\/en\/wp-content\/uploads\/2017\/12\/favicon-40.png\", 40, 40],[\"DROP\", 38.637553, 35.425544, 1, \"Kayseri Bozkar Natural Carbondioxide Liquidization Facility\", \"\", \"583\", \"https:\/\/baritmaden.com\/en\/wp-content\/uploads\/2017\/12\/favicon-40.png\", 40, 40],[\"DROP\", 39.799582, 36.980288, 1, \"Sivas Celestite Concentrate Facility\", \"\", \"583\", \"https:\/\/baritmaden.com\/en\/wp-content\/uploads\/2017\/12\/favicon-40.png\", 40, 40]];\n\n                        setMarkers(map, places);\n\n                        \n\n                        infowindow = new google.maps.InfoWindow({\n                            content: \"loading...\"\n                        });\n                        \n                        \n                        map.controls[google.maps.ControlPosition.LEFT_CENTER].push(addLockBtn());\n\n\n                        \/**\n                         * Add Lock Buttons\n                         *\/\n                        function addLockBtn() {\n                            var draggable_icon_class = \"\";\n\n                            if (map.get(\"draggable\") == false) {\n                                draggable_icon_class = \"fa fa-lock\";\n                            }\n                            else {\n                                draggable_icon_class = \"fa fa-unlock\";\n                            }\n                                \n                            var lock_btn = jQuery('<div class=\"lock-button-gmaps\"><i class=\"fa '+draggable_icon_class+'\"><\/i><\/div>');\n                            \n                            lock_btn.bind(\"click\", function() {\n                                if (map.get(\"draggable\")) {\n                                    map.set(\"draggable\", false);\n                                    jQuery(\".lock-button-gmaps i\").removeClass(\"fa-unlock\");\n                                    jQuery(\".lock-button-gmaps i\").addClass(\"fa-lock\");\n                                } \n                                else {\n                                    map.set(\"draggable\", true);\n                                    jQuery(\".lock-button-gmaps i\").removeClass(\"fa-lock\");\n                                    jQuery(\".lock-button-gmaps i\").addClass(\"fa-unlock\");\n                                }\n                            });\n                            \n                            return lock_btn[0];\n                        }\n                    }\n                    \n                    function setMarkers(map, locations) {\n                        var bounds = new google.maps.LatLngBounds();\n\n                        for (var i = 0; i < locations.length; i++) {\n                        \n                            var place = locations[i],\n                                image = \"\";\n                                \n                            if(place[6]) {\n                            \n                                image = {\n                                    url: place[7],\n                                    size: new google.maps.Size(place[8], place[9]),\n                                    origin: new google.maps.Point(0,0),\n                                    anchor: new google.maps.Point(place[8]\/2, place[9])\n                                };\n                            }\n                            var myLatLng = new google.maps.LatLng(place[1], place[2]);\n                            \n                            var marker = new google.maps.Marker({\n                                position: myLatLng,\n                                icon: image,\n                                map: map,\n                                zIndex: place[3],\n                                html: decodeURIComponent(place[4])\n                            });\n                           \n                            \n                            if(place[0] == \"DROP\") {\n                                    marker.setAnimation(google.maps.Animation.DROP);\n                            } else {\n                                    marker.setAnimation(google.maps.Animation.BOUNCE);\n                            }\n                            \n                            bounds.extend(marker.position);\n                          \n                          \n                            google.maps.event.addListener(marker, \"click\", function () {\n                                if( decodeURIComponent( this.html ) != \"\" ) {\n                                    infowindow.setContent(decodeURIComponent(this.html));\n                                    infowindow.open(map, this);\n                                }\n                            });\n                        }\n                        \n                        map.fitBounds(bounds);\n                        \n                    }\n                                        \n                    google.maps.event.addDomListener(window, \"load\", initialize_vc_gmap);\n                <\/script>\n            <div id=\"GoogleMap_69e20ab6a37fd\" class=\"wpb_content_element\" style=\"height: 500px; width: 100%; \"><div class=\"map_lock\"><\/div><\/div>[\/vc_column][\/vc_row]<\/p>\n","protected":false},"excerpt":{"rendered":"<p>[vc_row][vc_column][vc_row_inner][vc_column_inner width=&#8221;1\/3&#8243;][vc_column_text] BARIT MADEN TURK A.S. HEADQUARTERS Address: Levent Mahallesi \u00dcstzeren Sokak No: 2 Be\u015fikta\u015f 34330 \u0130stanbul, T\u00fcrkiye Tel: +90 212 234 12 06 (6 Lines) Fax: +90 212 234&#8230;<\/p>\n","protected":false},"author":1,"featured_media":0,"parent":0,"menu_order":0,"comment_status":"closed","ping_status":"closed","template":"","meta":[],"_links":{"self":[{"href":"https:\/\/baritmaden.com\/en\/wp-json\/wp\/v2\/pages\/13"}],"collection":[{"href":"https:\/\/baritmaden.com\/en\/wp-json\/wp\/v2\/pages"}],"about":[{"href":"https:\/\/baritmaden.com\/en\/wp-json\/wp\/v2\/types\/page"}],"author":[{"embeddable":true,"href":"https:\/\/baritmaden.com\/en\/wp-json\/wp\/v2\/users\/1"}],"replies":[{"embeddable":true,"href":"https:\/\/baritmaden.com\/en\/wp-json\/wp\/v2\/comments?post=13"}],"version-history":[{"count":30,"href":"https:\/\/baritmaden.com\/en\/wp-json\/wp\/v2\/pages\/13\/revisions"}],"predecessor-version":[{"id":1270,"href":"https:\/\/baritmaden.com\/en\/wp-json\/wp\/v2\/pages\/13\/revisions\/1270"}],"wp:attachment":[{"href":"https:\/\/baritmaden.com\/en\/wp-json\/wp\/v2\/media?parent=13"}],"curies":[{"name":"wp","href":"https:\/\/api.w.org\/{rel}","templated":true}]}}